{"id":348,"date":"2022-04-02T14:04:18","date_gmt":"2022-04-02T14:04:18","guid":{"rendered":"https:\/\/danielaludwig.online\/Front%20Page\/?page_id=348"},"modified":"2022-04-15T20:32:10","modified_gmt":"2022-04-15T18:32:10","slug":"ueber-mich","status":"publish","type":"page","link":"https:\/\/danielaludwig.online\/Home\/ueber-mich","title":{"rendered":"Beratung"},"content":{"rendered":"<h4><strong>Ich begr\u00fc\u00dfe Sie sehr herzlich auf den Informationsseiten meiner Praxis<\/strong><\/h4>\n<h4><strong><em>p\u00e4dagogisch.professionell.privat.<\/em><\/strong><\/h4>\n<h4><strong>Warum Sie sich f\u00fcr mich entscheiden sollten:<\/strong><\/h4>\n<p>Worauf liegt Ihr Fokus &#8211; Ihre Aufmerksamkeit?<\/p>\n<ul>\n<li>Ihr Stress, Ihre Sorgen, Ihre Organisation (man k\u00f6nnte auch sagen Ihre Tagesstruktur)?<\/li>\n<li>Ihre M\u00fcdigkeit, oder auch Ihre \u00c4ngste?<\/li>\n<li>Was denken Sie, was f\u00fchlen Sie?<\/li>\n<\/ul>\n<p><strong>Sie haben Probleme festgestellt, die Sie einschr\u00e4nken, belasten und die derzeit kaum noch l\u00f6sbar erscheinen? Dann sind Sie bei mir richtig.<\/strong><\/p>\n<p>Durch meine \u00fcber 20-j\u00e4hrige Erfahrung als P\u00e4dagogin bin ich Ihr Schl\u00fcssel f\u00fcr Ihre L\u00f6sungen. Wir sprechen Ihre Themen und Punkte an, die Sie wom\u00f6glich bisher nicht in Erw\u00e4gung gezogen oder erkannt haben. Wir drehen wenige R\u00e4dchen in Ihrem System, die vieles \u00e4ndern und verbessern k\u00f6nnen.<\/p>\n<h4><strong>Wie ich Sie unterst\u00fctzen kann:<\/strong><\/h4>\n<p><strong>Viel wichtiger als diese Beispiele jedoch sind Ihre St\u00e4rken \u2013 jeder hat sie \u2013 darin liegt viel Potential, Ihr Potential, das wir gemeinsam st\u00e4rken.<\/strong><\/p>\n<p>Ich f\u00fchre Sie im Gespr\u00e4ch zu L\u00f6sungen Ihrer Themen und Anliegen und begleite Sie dorthin.<\/p>\n<p>Mein Ziel f\u00fcr Sie ist, gemeinsam einen L\u00f6sungsweg zu finden, der m\u00f6glichst spontan angewendet werden kann und Ihre Situation bereits in Alltagssituationen \u00e4ndert \u2013 ganz dem Motto nach:<\/p>\n<p><em>Wenn jemand anders handelt als bisher gewohnt, wird sich das Umfeld erstmal wundern und kann gar nicht anders, als sich auch zu ver\u00e4ndern.<\/em><\/p>\n<p>Sehr wirksam\u2026.<\/p>\n<p>Zusammen k\u00fcmmern wir uns darum, was Sie (tats\u00e4chlich) belastet, besch\u00e4ftigt und was bewegt werden soll(te).<\/p>\n<p>Was k\u00f6nnen Sie entr\u00fcmpeln, was ist wichtig und kann bleiben \u2013 das wird am Ende der Beratungsphase f\u00fcr Sie als Weg einer L\u00f6sung stehen \u2013 unabh\u00e4ngig davon, ob Sie diesen Weg gehen m\u00f6chten.<\/p>\n<p>Wir sprechen demnach von Ihrer eigenen Lebenswelt und deren Ver\u00e4nderung. Dies auf professionelle, sozialp\u00e4dagogische Art und Weise, praxisnah, Ihrem Alltag angepasst und darauf zugeschnitten.<\/p>\n<p>Zusammen arbeiten wir auf Ihrer bewussten Ebene. Ich bin keine Therapeutin, sondern Sozialp\u00e4dagogin, das unterscheidet mich in meiner Arbeitsweise von g\u00e4ngigen Therapieformen.<\/p>\n<p>Sollten wir w\u00e4hrend der Beratung feststellen, dass wir f\u00fcr das Erreichen Ihrer Ziele weiterf\u00fchrende Unterst\u00fctzung ben\u00f6tigen w\u00fcrden, k\u00f6nnen Sie aus meinem ausgepr\u00e4gten Netzwerk an zus\u00e4tzlichen therapeutischen, psychologischen oder spirituellen Angeboten aus dem Vollen sch\u00f6pfen.<\/p>\n<p><strong><em>Ihre Daniela Ludwig<\/em><\/strong><\/p>\n<p><strong><em>p\u00e4dagogisch.professionell.privat.<\/em><\/strong><\/p>\n","protected":false},"excerpt":{"rendered":"<p>Ich begr\u00fc\u00dfe Sie sehr herzlich auf den Informationsseiten meiner Praxis p\u00e4dagogisch.professionell.privat. Warum Sie sich f\u00fcr mich entscheiden sollten: Worauf liegt Ihr Fokus &#8211; Ihre Aufmerksamkeit? &hellip;<\/p>\n","protected":false},"author":1,"featured_media":0,"parent":0,"menu_order":0,"comment_status":"closed","ping_status":"closed","template":"","meta":{"content-type":"","footnotes":""},"class_list":["post-348","page","type-page","status-publish","hentry"],"_links":{"self":[{"href":"https:\/\/danielaludwig.online\/Home\/wp-json\/wp\/v2\/pages\/348","targetHints":{"allow":["GET"]}}],"collection":[{"href":"https:\/\/danielaludwig.online\/Home\/wp-json\/wp\/v2\/pages"}],"about":[{"href":"https:\/\/danielaludwig.online\/Home\/wp-json\/wp\/v2\/types\/page"}],"author":[{"embeddable":true,"href":"https:\/\/danielaludwig.online\/Home\/wp-json\/wp\/v2\/users\/1"}],"replies":[{"embeddable":true,"href":"https:\/\/danielaludwig.online\/Home\/wp-json\/wp\/v2\/comments?post=348"}],"version-history":[{"count":28,"href":"https:\/\/danielaludwig.online\/Home\/wp-json\/wp\/v2\/pages\/348\/revisions"}],"predecessor-version":[{"id":602,"href":"https:\/\/danielaludwig.online\/Home\/wp-json\/wp\/v2\/pages\/348\/revisions\/602"}],"wp:attachment":[{"href":"https:\/\/danielaludwig.online\/Home\/wp-json\/wp\/v2\/media?parent=348"}],"curies":[{"name":"wp","href":"https:\/\/api.w.org\/{rel}","templated":true}]}}