{"id":178,"date":"2022-04-02T12:02:14","date_gmt":"2022-04-02T12:02:14","guid":{"rendered":"https:\/\/danielaludwig.online\/willkommen\/brite"},"modified":"2022-04-15T20:54:32","modified_gmt":"2022-04-15T18:54:32","slug":"brite","status":"publish","type":"page","link":"https:\/\/danielaludwig.online\/Home\/","title":{"rendered":"Home"},"content":{"rendered":"<style>\/*! elementor - v3.6.2 - 04-04-2022 *\/<br \/>\n.elementor-heading-title{padding:0;margin:0;line-height:1}.elementor-widget-heading .elementor-heading-title[class*=elementor-size-]>a{color:inherit;font-size:inherit;line-height:inherit}.elementor-widget-heading .elementor-heading-title.elementor-size-small{font-size:15px}.elementor-widget-heading .elementor-heading-title.elementor-size-medium{font-size:19px}.elementor-widget-heading .elementor-heading-title.elementor-size-large{font-size:29px}.elementor-widget-heading .elementor-heading-title.elementor-size-xl{font-size:39px}.elementor-widget-heading .elementor-heading-title.elementor-size-xxl{font-size:59px}<\/style>\n<h2>HERZLICH WILLKOMMEN<\/h2>\n<p style=\"text-align: center;\">auf meiner Seite DANIELA LUDWIG SOZIALP\u00c4DAGOGIK.<\/p>\n<p style=\"text-align: center;\"><strong>Sch\u00f6n, dass Sie zu mir gefunden haben.<\/strong><\/p>\n<p style=\"text-align: left;\">Als staatl. anerkannte Sozialp\u00e4dagogin, staatl. anerkannte Erzieherin sowie B.A. der Sozialen Arbeit, mit mehr als zwanzigj\u00e4hriger Berufserfahrung, unterst\u00fctze und begleite ich Sie p\u00e4dagogisch und professionell bei Ihren privaten und famili\u00e4ren Angelegenheiten.<\/p>\n<p style=\"text-align: center;\"><em><strong>Privat hei\u00dft Privat!<\/strong><\/em><\/p>\n<p style=\"text-align: left;\">Als Sozialp\u00e4dagogin unterliege ich der Schweigepflicht nach \u00a7 203 StGB. Somit k\u00f6nnen Sie sicher sein, dass ihr privates Anliegen auch privat bleibt.<\/p>\n<p style=\"text-align: left;\">Ich unterst\u00fctze und berate Sie in Krisensituationen, bei schwierigen Lebensverh\u00e4ltnissen oder bei anderen p\u00e4dagogischen Fragen und Anliegen in denen Sie sich Begleitung w\u00fcnschen, abseits von Beh\u00f6rden und \u00c4mtern.<\/p>\n<p style=\"text-align: left;\">Sie profitieren aufgrund meiner fundierten Erfahrungen in Bereichen des schulischen Kontexts, der Kinder &#8211; und Jugendhilfe, der Settings in Einzel- und Gruppenarbeit, Aufarbeitung, Strukturierungs- und L\u00f6sungskonzepten.<\/p>\n<p style=\"text-align: left;\">Sie als KlientInnen sind ExpertInnen ihrer Lebenswelt. Denn niemand kennt Sie besser als Sie selbst.\u00a0Wir schauen gemeinsam welche Hilfe, Unterst\u00fctzung oder Begleitung Sie ben\u00f6tigen.\u00a0Den Schwerpunkt lege ich jedoch auf Ihre eigenen Themen und L\u00f6sungswege.<\/p>\n<p style=\"text-align: left;\">Meine Beratungstermine sind flexibel gestaltet, sodass wir zusammen den f\u00fcr Sie passenden Termin finden werden.<\/p>\n<p style=\"text-align: left;\">Ich, bzw. wir freuen uns, Sie bei einem pers\u00f6nlichen Termin weiter zu bringen, Hindernisse zu \u00fcberwinden, Probleme oder Krisen zu bew\u00e4ltigen.<\/p>\n<p style=\"text-align: left;\"><em><strong>Ihre\u00a0Daniela Ludwig &amp; Jimmi<\/strong><\/em><\/p>\n<p>Jimmi ist ein kleiner Mischlingshund, der die Beratungen auf seine Weise f\u00f6rdert und bereichert, weil er Herzen \u00f6ffnen will.<\/p>\n","protected":false},"excerpt":{"rendered":"<p>HERZLICH WILLKOMMEN auf meiner Seite DANIELA LUDWIG SOZIALP\u00c4DAGOGIK. Sch\u00f6n, dass Sie zu mir gefunden haben. Als staatl. anerkannte Sozialp\u00e4dagogin, staatl. anerkannte Erzieherin sowie B.A. der &hellip;<\/p>\n","protected":false},"author":1,"featured_media":0,"parent":0,"menu_order":0,"comment_status":"closed","ping_status":"closed","template":"elementor_theme","meta":{"content-type":"","footnotes":""},"class_list":["post-178","page","type-page","status-publish","hentry"],"_links":{"self":[{"href":"https:\/\/danielaludwig.online\/Home\/wp-json\/wp\/v2\/pages\/178","targetHints":{"allow":["GET"]}}],"collection":[{"href":"https:\/\/danielaludwig.online\/Home\/wp-json\/wp\/v2\/pages"}],"about":[{"href":"https:\/\/danielaludwig.online\/Home\/wp-json\/wp\/v2\/types\/page"}],"author":[{"embeddable":true,"href":"https:\/\/danielaludwig.online\/Home\/wp-json\/wp\/v2\/users\/1"}],"replies":[{"embeddable":true,"href":"https:\/\/danielaludwig.online\/Home\/wp-json\/wp\/v2\/comments?post=178"}],"version-history":[{"count":86,"href":"https:\/\/danielaludwig.online\/Home\/wp-json\/wp\/v2\/pages\/178\/revisions"}],"predecessor-version":[{"id":604,"href":"https:\/\/danielaludwig.online\/Home\/wp-json\/wp\/v2\/pages\/178\/revisions\/604"}],"wp:attachment":[{"href":"https:\/\/danielaludwig.online\/Home\/wp-json\/wp\/v2\/media?parent=178"}],"curies":[{"name":"wp","href":"https:\/\/api.w.org\/{rel}","templated":true}]}}